{"id":839,"date":"2019-02-14T10:51:03","date_gmt":"2019-02-14T15:51:03","guid":{"rendered":"http:\/\/www.cec.org\/cites\/?page_id=839"},"modified":"2021-10-07T13:16:12","modified_gmt":"2021-10-07T17:16:12","slug":"amamoslastarantulas","status":"publish","type":"page","link":"https:\/\/www.cec.org\/cites\/es\/amamoslastarantulas\/","title":{"rendered":"#AmamosLasTar\u00e1ntulas"},"content":{"rendered":"<center>\r\n<h2 class=\"wp-block-heading\">Por qu\u00e9 necesitamos dejar de tenerle miedo a las tar\u00e1ntulas<\/h2>\r\n<iframe loading=\"lazy\" src=\"https:\/\/www.youtube.com\/embed\/CWU5hHEcKk4\" width=\"560\" height=\"315\" frameborder=\"0\" allowfullscreen=\"allowfullscreen\"><\/iframe><\/center>\r\n\r\n\r\n<h2 class=\"wp-block-heading\">Infograf\u00edas<\/h2>\r\n\r\n\r\n\r\n<div class=\"wp-block-columns has-2-columns has-3-columns is-layout-flex wp-container-core-columns-is-layout-9d6595d7 wp-block-columns-is-layout-flex\">\r\n<div class=\"wp-block-column is-layout-flow wp-block-column-is-layout-flow\">\r\n<figure class=\"wp-block-image\"><a class=\"btn--img\" href=\"\/cites\/wp-content\/themes\/foodwaste-theme\/documents\/trade-in-brachypelma-tarantulas-sp.pdf\" target=\"_blank\" rel=\"noopener\" data-gtm-event=\"download\" data-gtm-eventaction=\"download a publication\"><img decoding=\"async\" class=\"wp-image-779\" src=\"http:\/\/www.cec.org\/cites\/wp-content\/uploads\/2019\/02\/info1-es.png\" alt=\"\" \/><\/a>\r\n<figcaption>\r\n<p><a href=\"\/cites\/wp-content\/themes\/foodwaste-theme\/documents\/trade-in-brachypelma-tarantulas-sp.pdf\" target=\"_blank\" rel=\"noopener\" data-gtm-event=\"download\" data-gtm-eventaction=\"download a publication\">Comercio internacional de tar\u00e1ntulas <em>Brachypelma<\/em> vivas<\/a> <br \/>#AmamosLasTar\u00e1ntulas<\/p>\r\n<\/figcaption>\r\n<\/figure>\r\n<\/div>\r\n\r\n\r\n\r\n<div class=\"wp-block-column is-layout-flow wp-block-column-is-layout-flow\">\r\n<figure class=\"wp-block-image\"><a class=\"btn--img\" href=\"\/cites\/wp-content\/themes\/foodwaste-theme\/documents\/tarantula-growth-and-development-for-educators-es.pdf\" target=\"_blank\" rel=\"noopener\" data-gtm-event=\"download\" data-gtm-eventaction=\"download a publication\"><img decoding=\"async\" class=\"wp-image-779\" src=\"http:\/\/www.cec.org\/cites\/wp-content\/uploads\/2019\/02\/tarantula-growth-and-development-for-educators-es.jpg\" alt=\"\" \/><\/a>\r\n<figcaption>\r\n<p><a href=\"\/cites\/wp-content\/themes\/foodwaste-theme\/documents\/tarantula-growth-and-development-for-educators-es.pdf\" target=\"_blank\" rel=\"noopener\" data-gtm-event=\"download\" data-gtm-eventaction=\"download a publication\">Crecimiento y desarrollo de las tar\u00e1ntulas<\/a> <br \/>#AmamosLasTar\u00e1ntulas<\/p>\r\n<\/figcaption>\r\n<\/figure>\r\n<\/div>\r\n\r\n\r\n\r\n<div class=\"wp-block-column is-layout-flow wp-block-column-is-layout-flow\">\r\n<figure class=\"wp-block-image\"><a class=\"btn--img\" href=\"\/cites\/wp-content\/themes\/foodwaste-theme\/documents\/basic-tarantula-morphology-es.pdf\" target=\"_blank\" rel=\"noopener\" data-gtm-event=\"download\" data-gtm-eventaction=\"download a publication\"><img decoding=\"async\" class=\"wp-image-779\" src=\"http:\/\/www.cec.org\/cites\/wp-content\/uploads\/2019\/02\/basic-tarantula-morphology-es.jpg\" alt=\"\" \/><\/a>\r\n<figcaption>\r\n<p><a href=\"\/cites\/wp-content\/themes\/foodwaste-theme\/documents\/basic-tarantula-morphology-es.pdf\" target=\"_blank\" rel=\"noopener\" data-gtm-event=\"download\" data-gtm-eventaction=\"download a publication\">Morfolog\u00eda de la tar\u00e1ntula<\/a> <br \/>#AmamosLasTar\u00e1ntulas<\/p>\r\n<\/figcaption>\r\n<\/figure>\r\n<\/div>\r\n<\/div>\r\n\r\n\r\n\r\n<p class=\"btn--default\" style=\"text-align: center;\"><a href=\"https:\/\/www.cec.org\/cites\/es\/tarantulas\/\">M\u00e1s informaci\u00f3n<\/a><\/p>\r\n<p><\/p>","protected":false},"excerpt":{"rendered":"<p>Por qu\u00e9 necesitamos dejar de tenerle miedo a las tar\u00e1ntulas Infograf\u00edas Comercio internacional de tar\u00e1ntulas Brachypelma vivas #AmamosLasTar\u00e1ntulas Morfolog\u00eda de la tar\u00e1ntula #AmamosLasTar\u00e1ntulas M\u00e1s informaci\u00f3n<\/p>\n","protected":false},"author":1,"featured_media":841,"parent":0,"menu_order":0,"comment_status":"closed","ping_status":"closed","template":"page-outreach.php","meta":{"_acf_changed":false,"footnotes":""},"class_list":["post-839","page","type-page","status-publish","has-post-thumbnail","hentry"],"acf":[],"_links":{"self":[{"href":"https:\/\/www.cec.org\/cites\/es\/wp-json\/wp\/v2\/pages\/839","targetHints":{"allow":["GET"]}}],"collection":[{"href":"https:\/\/www.cec.org\/cites\/es\/wp-json\/wp\/v2\/pages"}],"about":[{"href":"https:\/\/www.cec.org\/cites\/es\/wp-json\/wp\/v2\/types\/page"}],"author":[{"embeddable":true,"href":"https:\/\/www.cec.org\/cites\/es\/wp-json\/wp\/v2\/users\/1"}],"replies":[{"embeddable":true,"href":"https:\/\/www.cec.org\/cites\/es\/wp-json\/wp\/v2\/comments?post=839"}],"version-history":[{"count":6,"href":"https:\/\/www.cec.org\/cites\/es\/wp-json\/wp\/v2\/pages\/839\/revisions"}],"predecessor-version":[{"id":937,"href":"https:\/\/www.cec.org\/cites\/es\/wp-json\/wp\/v2\/pages\/839\/revisions\/937"}],"wp:featuredmedia":[{"embeddable":true,"href":"https:\/\/www.cec.org\/cites\/es\/wp-json\/wp\/v2\/media\/841"}],"wp:attachment":[{"href":"https:\/\/www.cec.org\/cites\/es\/wp-json\/wp\/v2\/media?parent=839"}],"curies":[{"name":"wp","href":"https:\/\/api.w.org\/{rel}","templated":true}]}}