{"id":82,"date":"2018-01-10T13:59:54","date_gmt":"2018-01-10T18:59:54","guid":{"rendered":"http:\/\/www.cec.org\/cites\/tarantulas-2\/"},"modified":"2025-02-20T13:59:42","modified_gmt":"2025-02-20T18:59:42","slug":"tarantulas","status":"publish","type":"page","link":"https:\/\/www.cec.org\/cites\/es\/tarantulas\/","title":{"rendered":"Tar\u00e1ntulas"},"content":{"rendered":"<p>Un tax\u00f3n del g\u00e9nero <em>Aphonopelma<\/em> y 15 del g\u00e9nero <em>Brachypelma<\/em> se designaron como \u201cespecies\u00a0prioritarias de tar\u00e1ntula\u201d. De las 18 acciones recomendadas en el <a href=\"action-plans\"><em>Plan de acci\u00f3n de Am\u00e9rica del Norte para un comercio sustentable de especies de tar\u00e1ntula<\/em><\/a>, tres se consideraron particularmente relevantes y se seleccionaron para su implementaci\u00f3n como parte del proyecto de la CCA actualmente en curso: <a href=\"http:\/\/www.cec.org\/es\/apoyo-al-comercio-sustentable-de-especies-listadas-en-la-cites\/\"><em>Apoyo al comercio sustentable de especies listadas en la CITES<\/em><\/a>.<\/p>\n<p>El g\u00e9nero <em>Brachypelma<\/em> incluye varias especies coloridas, muy codiciadas en el comercio de mascotas ex\u00f3ticas.<\/p>\n","protected":false},"excerpt":{"rendered":"<p>Un tax\u00f3n del g\u00e9nero Aphonopelma y 15 del g\u00e9nero Brachypelma se designaron como \u201cespecies\u00a0prioritarias de tar\u00e1ntula\u201d. De las 18 acciones recomendadas en el Plan de acci\u00f3n de Am\u00e9rica del Norte para un comercio sustentable de especies de tar\u00e1ntula, tres se consideraron particularmente relevantes y se seleccionaron para su implementaci\u00f3n como parte del proyecto de la [&hellip;]<\/p>\n","protected":false},"author":1,"featured_media":321,"parent":0,"menu_order":0,"comment_status":"closed","ping_status":"closed","template":"page-species.php","meta":{"_acf_changed":false,"footnotes":""},"class_list":["post-82","page","type-page","status-publish","has-post-thumbnail","hentry"],"acf":[],"_links":{"self":[{"href":"https:\/\/www.cec.org\/cites\/es\/wp-json\/wp\/v2\/pages\/82","targetHints":{"allow":["GET"]}}],"collection":[{"href":"https:\/\/www.cec.org\/cites\/es\/wp-json\/wp\/v2\/pages"}],"about":[{"href":"https:\/\/www.cec.org\/cites\/es\/wp-json\/wp\/v2\/types\/page"}],"author":[{"embeddable":true,"href":"https:\/\/www.cec.org\/cites\/es\/wp-json\/wp\/v2\/users\/1"}],"replies":[{"embeddable":true,"href":"https:\/\/www.cec.org\/cites\/es\/wp-json\/wp\/v2\/comments?post=82"}],"version-history":[{"count":18,"href":"https:\/\/www.cec.org\/cites\/es\/wp-json\/wp\/v2\/pages\/82\/revisions"}],"predecessor-version":[{"id":952,"href":"https:\/\/www.cec.org\/cites\/es\/wp-json\/wp\/v2\/pages\/82\/revisions\/952"}],"wp:featuredmedia":[{"embeddable":true,"href":"https:\/\/www.cec.org\/cites\/es\/wp-json\/wp\/v2\/media\/321"}],"wp:attachment":[{"href":"https:\/\/www.cec.org\/cites\/es\/wp-json\/wp\/v2\/media?parent=82"}],"curies":[{"name":"wp","href":"https:\/\/api.w.org\/{rel}","templated":true}]}}