{"id":78,"date":"2018-01-10T13:54:10","date_gmt":"2018-01-10T18:54:10","guid":{"rendered":"http:\/\/www.cec.org\/cites\/sharks\/"},"modified":"2025-02-20T13:55:43","modified_gmt":"2025-02-20T18:55:43","slug":"sharks","status":"publish","type":"page","link":"https:\/\/www.cec.org\/cites\/es\/sharks\/","title":{"rendered":"Tiburones"},"content":{"rendered":"<p>Se seleccionaron ocho especies de tibur\u00f3n como prioritarias, a saber: <em>Carcharhinus longimanus<\/em>, <em>Carcharodon carcharias<\/em>, <em>Cetorhinus maximus<\/em>, <em>Lamna nasus<\/em>, <em>Rhincodon<\/em> <em>typus<\/em>, <em>Sphyrna lewini<\/em>, <em>Sphyrna. mokarran <\/em>y <em>Sphyrna zygaena<\/em>.<\/p>\n<p>La amenaza de sobreexplotaci\u00f3n como resultado de actividades de comercio internacional es la raz\u00f3n principal que explica la inclusi\u00f3n de cada una de estas especies en el Ap\u00e9ndice II de la CITES, adem\u00e1s de su clasificaci\u00f3n como \u201cvulnerables\u201d o \u201cen peligro de extinci\u00f3n\u201d en la Lista Roja de Especies Amenazadas de la Uni\u00f3n Internacional para la Conservaci\u00f3n de la Naturaleza (UICN).<\/p>\n<p>Aunque las especies <em>Carcharodon carcharias<\/em>, <em>Cetorhinus maximus<\/em>, <em>Lamna nasus <\/em>y <em>Sphyrna zygaena <\/em>habitan aguas canadienses, a <em>C. carcharias <\/em>se le registra \u00fanicamente en forma espor\u00e1dica y es poco frecuente encontrar <em>S. zygaena<\/em>. En la regi\u00f3n canadiense del Atl\u00e1ntico se observan peri\u00f3dicamente espec\u00edmenes vivos de <em>C. carcharias<\/em>, pero todos los registros de esta especie en la costa del Pac\u00edfico de Canad\u00e1 son de espec\u00edmenes varados en playas de Haida Gwaii (islas de la Reina Carlota). A excepci\u00f3n de <em>L. nasus<\/em>, todas las dem\u00e1s especies prioritarias de tibur\u00f3n se encuentran en M\u00e9xico, aunque es extremadamente raro observar <em>C. maximus <\/em>en aguas mexicanas. Estados Unidos, en cambio, es h\u00e1bitat de las ocho especies prioritarias de tibur\u00f3n. As\u00ed, pues, s\u00f3lo tres especies (<em>C. carcharias<\/em>, <em>C. maximus <\/em>y <em>S. zygaena<\/em>) se han registrado en aguas de los tres pa\u00edses de Am\u00e9rica del Norte.<\/p>\n","protected":false},"excerpt":{"rendered":"<p>Se seleccionaron ocho especies de tibur\u00f3n como prioritarias, a saber: Carcharhinus longimanus, Carcharodon carcharias, Cetorhinus maximus, Lamna nasus, Rhincodon typus, Sphyrna lewini, Sphyrna. mokarran y Sphyrna zygaena. La amenaza de sobreexplotaci\u00f3n como resultado de actividades de comercio internacional es la raz\u00f3n principal que explica la inclusi\u00f3n de cada una de estas especies en el Ap\u00e9ndice [&hellip;]<\/p>\n","protected":false},"author":1,"featured_media":636,"parent":0,"menu_order":0,"comment_status":"closed","ping_status":"closed","template":"page-species.php","meta":{"_acf_changed":false,"footnotes":""},"class_list":["post-78","page","type-page","status-publish","has-post-thumbnail","hentry"],"acf":[],"_links":{"self":[{"href":"https:\/\/www.cec.org\/cites\/es\/wp-json\/wp\/v2\/pages\/78","targetHints":{"allow":["GET"]}}],"collection":[{"href":"https:\/\/www.cec.org\/cites\/es\/wp-json\/wp\/v2\/pages"}],"about":[{"href":"https:\/\/www.cec.org\/cites\/es\/wp-json\/wp\/v2\/types\/page"}],"author":[{"embeddable":true,"href":"https:\/\/www.cec.org\/cites\/es\/wp-json\/wp\/v2\/users\/1"}],"replies":[{"embeddable":true,"href":"https:\/\/www.cec.org\/cites\/es\/wp-json\/wp\/v2\/comments?post=78"}],"version-history":[{"count":5,"href":"https:\/\/www.cec.org\/cites\/es\/wp-json\/wp\/v2\/pages\/78\/revisions"}],"predecessor-version":[{"id":646,"href":"https:\/\/www.cec.org\/cites\/es\/wp-json\/wp\/v2\/pages\/78\/revisions\/646"}],"wp:featuredmedia":[{"embeddable":true,"href":"https:\/\/www.cec.org\/cites\/es\/wp-json\/wp\/v2\/media\/636"}],"wp:attachment":[{"href":"https:\/\/www.cec.org\/cites\/es\/wp-json\/wp\/v2\/media?parent=78"}],"curies":[{"name":"wp","href":"https:\/\/api.w.org\/{rel}","templated":true}]}}