{"id":670,"date":"2018-10-04T16:31:18","date_gmt":"2018-10-04T20:31:18","guid":{"rendered":"http:\/\/www.cec.org\/cites\/?page_id=670"},"modified":"2025-02-20T13:58:31","modified_gmt":"2025-02-20T18:58:31","slug":"tortugas-terrestres-y-acuaticas","status":"publish","type":"page","link":"https:\/\/www.cec.org\/cites\/es\/tortugas-terrestres-y-acuaticas\/","title":{"rendered":"Tortugas terrestres y acu\u00e1ticas"},"content":{"rendered":"<p>Doce especies de tortugas acu\u00e1ticas y terrestres se seleccionaron como prioritarias, a saber: cinco tortugas acu\u00e1ticas o semiacu\u00e1ticas (<em>Clemmys guttata<\/em>, <em>Dermatemys mawii<\/em>, <em>Emydoidea blandingii<\/em>, <em>Glyptemys<\/em> <em>insculpta <\/em>y <em>Malaclemys terrapin<\/em>), cuatro tortugas excavadoras \u201cgopher\u201d (<em>Gopherus agassizii<\/em>, <em>G. berlandieri<\/em>, <em>G. morafkai <\/em>y <em>G. polyphemus<\/em>) y tres tortugas de caja (<em>Terrapene carolina<\/em>, <em>T. nelsoni <\/em>y <em>T. ornata<\/em>). De estas doce especies, cuatro se encuentran de manera natural en Canad\u00e1, diez en Estados Unidos y seis en M\u00e9xico.<em> T. carolina <\/em>es la \u00fanica que habita en los tres pa\u00edses.<\/p>\n<p>De acuerdo con evaluaciones de la Uni\u00f3n Internacional para la Conservaci\u00f3n de la Naturaleza (UICN), por su estado de conservaci\u00f3n las especies de tortuga prioritarias se ubican en las siguientes categor\u00edas: en peligro cr\u00edtico de extinci\u00f3n (<em>D. mawii<\/em>); en peligro de extinci\u00f3n (<em>C. guttata<\/em>, <em>E. blandingii <\/em>y <em>Glyptemys insculpta<\/em>); vulnerables (<em>Gopherus agassizii<\/em>, <em>G. polyphemus <\/em>y <em>T. carolina<\/em>); casi amenazadas (<em>M. terrapin <\/em>y <em>T. ornata<\/em>); de preocupaci\u00f3n menor (<em>G. berlandieri<\/em>), y con datos insuficientes (<em>T. nelsoni<\/em>). Una de ellas (<em>G. morafkai<\/em>) no figura en la actual Lista Roja de la UICN.<\/p>\n<p>En 2014, el Grupo de Trabajo sobre Taxonom\u00eda de las Tortugas (<em>Turtle Taxonomy Working Group<\/em>, TTWG), perteneciente al Grupo de Especialistas en Tortugas Terrestres y de Agua Dulce (<em>Tortoise and Freshwater Turtle Specialist Group<\/em>) de la UICN, redact\u00f3 reevaluaciones provisionales de algunas de las especies prioritarias. A la luz de dichos estudios es probable que en la pr\u00f3xima actualizaci\u00f3n formal de la Lista Roja el estado de <em>G. agassizii <\/em>cambie a \u201cen peligro cr\u00edtico de extinci\u00f3n\u201d; el de <em>G. polyphemus <\/em>a \u201cen peligro de extinci\u00f3n\u201d; los de <em>G. morafkai <\/em>y <em>M. terrapin <\/em>a \u201cvulnerable\u201d, y el de <em>G. berlandieri <\/em>a \u201ccasi amenazada\u201d.<\/p>\n","protected":false},"excerpt":{"rendered":"<p>Doce especies de tortugas acu\u00e1ticas y terrestres se seleccionaron como prioritarias, a saber: cinco tortugas acu\u00e1ticas o semiacu\u00e1ticas (Clemmys guttata, Dermatemys mawii, Emydoidea blandingii, Glyptemys insculpta y Malaclemys terrapin), cuatro tortugas excavadoras \u201cgopher\u201d (Gopherus agassizii, G. berlandieri, G. morafkai y G. polyphemus) y tres tortugas de caja (Terrapene carolina, T. nelsoni y T. ornata). De [&hellip;]<\/p>\n","protected":false},"author":1,"featured_media":666,"parent":0,"menu_order":0,"comment_status":"closed","ping_status":"closed","template":"page-species.php","meta":{"_acf_changed":false,"footnotes":""},"class_list":["post-670","page","type-page","status-publish","has-post-thumbnail","hentry"],"acf":[],"_links":{"self":[{"href":"https:\/\/www.cec.org\/cites\/es\/wp-json\/wp\/v2\/pages\/670","targetHints":{"allow":["GET"]}}],"collection":[{"href":"https:\/\/www.cec.org\/cites\/es\/wp-json\/wp\/v2\/pages"}],"about":[{"href":"https:\/\/www.cec.org\/cites\/es\/wp-json\/wp\/v2\/types\/page"}],"author":[{"embeddable":true,"href":"https:\/\/www.cec.org\/cites\/es\/wp-json\/wp\/v2\/users\/1"}],"replies":[{"embeddable":true,"href":"https:\/\/www.cec.org\/cites\/es\/wp-json\/wp\/v2\/comments?post=670"}],"version-history":[{"count":2,"href":"https:\/\/www.cec.org\/cites\/es\/wp-json\/wp\/v2\/pages\/670\/revisions"}],"predecessor-version":[{"id":672,"href":"https:\/\/www.cec.org\/cites\/es\/wp-json\/wp\/v2\/pages\/670\/revisions\/672"}],"wp:featuredmedia":[{"embeddable":true,"href":"https:\/\/www.cec.org\/cites\/es\/wp-json\/wp\/v2\/media\/666"}],"wp:attachment":[{"href":"https:\/\/www.cec.org\/cites\/es\/wp-json\/wp\/v2\/media?parent=670"}],"curies":[{"name":"wp","href":"https:\/\/api.w.org\/{rel}","templated":true}]}}