{"id":66,"date":"2018-01-10T11:05:27","date_gmt":"2018-01-10T16:05:27","guid":{"rendered":"http:\/\/www.cec.org\/cites\/about\/"},"modified":"2020-07-19T12:36:01","modified_gmt":"2020-07-19T16:36:01","slug":"about-this-website","status":"publish","type":"page","link":"https:\/\/www.cec.org\/cites\/es\/about-this-website\/","title":{"rendered":"La iniciativa"},"content":{"rendered":"<h2>Acerca de la CITES y la CCA<\/h2>\n<p>En el marco de su actual proyecto <a href=\"http:\/\/www.cec.org\/es\/apoyo-al-comercio-sustentable-de-especies-listadas-en-la-cites\/\"><em>Apoyo al comercio sustentable de especies listadas en la CITES<\/em><\/a>, la Comisi\u00f3n para la Cooperaci\u00f3n Ambiental (<a href=\"http:\/\/www.cec.org\/es\">CCA<\/a>) trabaja con los gobiernos de Canad\u00e1, Estados Unidos y M\u00e9xico, as\u00ed como con sectores de inter\u00e9s en los tres pa\u00edses, a fin de implementar acciones de alta prioridad, acordadas a escala trinacional, para cuatro grupos de especies (tiburones, <a href=\"tarantulas\">tar\u00e1ntulas<\/a>, tortugas y varias especies maderables) identificadas como prioritarias en el proyecto <a href=\"http:\/\/www.cec.org\/es\/fortalecimiento-de-la-conservacion-y-el-aprovechamiento-sustentable-de-especies-listadas-en-el-apendice-ii-de-la-cites-en-america-del-norte\/\"><em>Fortalecimiento de la conservaci\u00f3n y el aprovechamiento sustentable de especies listadas en el Ap\u00e9ndice II de la CITES en Am\u00e9rica del Norte<\/em><\/a>, que form\u00f3 parte del Plan Operativo 2015-2016 de la Comisi\u00f3n. Mediante esta labor, la CCA contribuye a la producci\u00f3n y comercio legales, sustentables y trazables de las especies seleccionadas. Las iniciativas de implementaci\u00f3n se proponen procurar la participaci\u00f3n de un amplio grupo de sectores interesados, incluidos gobiernos estatales, provinciales y locales; comunidades; productores; comerciantes; inversionistas; instituciones educativas, y consumidores o aficionados.<\/p>\n<p>Este sitio web representa una estrategia trinacional que tiene por objeto apoyar el comercio sustentable y legal de especies cuya conservaci\u00f3n es prioritaria. El material aqu\u00ed presentado se basa en conocimientos cient\u00edficos y saberes locales; incluye la participaci\u00f3n de gobiernos de tres pa\u00edses distintos, y busca atraer a otros sectores de la sociedad a fin de lograr sus prop\u00f3sitos, esto al tiempo que sobrepasa fronteras tanto geogr\u00e1ficas como pol\u00edticas.<\/p>\n<h2>Nuestro objetivo:<\/h2>\n<ul>\n<li>Ayudar a que ciudadanos, grupos de inter\u00e9s, expertos y autoridades gubernamentales de Am\u00e9rica del Norte conozcan m\u00e1s acerca de las estrategias que los tres pa\u00edses han elaborado en aras de apoyar el comercio sustentable de grupos de especies maderables, tiburones, tar\u00e1ntulas y tortugas.<\/li>\n<\/ul>\n<h2>Este sitio web comprende:<\/h2>\n<ul>\n<li>informaci\u00f3n resumida en torno a cuatro grupos de especies consideradas como prioritarias y&nbsp;sobre acciones para fomentar su comercio legal y sustentable;<\/li>\n<li>informaci\u00f3n relevante para sectores interesados, con miras a promover su participaci\u00f3n en estas iniciativas;<\/li>\n<li>enlaces a las principales organizaciones que apoyan el comercio sustentable, sobre todo de especies de flora y fauna;<\/li>\n<li>aspectos destacados del proyecto de la CCA que demuestran la forma en que la iniciativa promueve la conservaci\u00f3n y el comercio sustentable<\/li>\n<\/ul>\n","protected":false},"excerpt":{"rendered":"<p>Acerca de la CITES y la CCA En el marco de su actual proyecto Apoyo al comercio sustentable de especies listadas en la CITES, la Comisi\u00f3n para la Cooperaci\u00f3n Ambiental (CCA) trabaja con los gobiernos de Canad\u00e1, Estados Unidos y M\u00e9xico, as\u00ed como con sectores de inter\u00e9s en los tres pa\u00edses, a fin de implementar [&hellip;]<\/p>\n","protected":false},"author":1,"featured_media":386,"parent":0,"menu_order":0,"comment_status":"closed","ping_status":"closed","template":"page-about.php","meta":{"_acf_changed":false,"footnotes":""},"class_list":["post-66","page","type-page","status-publish","has-post-thumbnail","hentry"],"acf":[],"_links":{"self":[{"href":"https:\/\/www.cec.org\/cites\/es\/wp-json\/wp\/v2\/pages\/66","targetHints":{"allow":["GET"]}}],"collection":[{"href":"https:\/\/www.cec.org\/cites\/es\/wp-json\/wp\/v2\/pages"}],"about":[{"href":"https:\/\/www.cec.org\/cites\/es\/wp-json\/wp\/v2\/types\/page"}],"author":[{"embeddable":true,"href":"https:\/\/www.cec.org\/cites\/es\/wp-json\/wp\/v2\/users\/1"}],"replies":[{"embeddable":true,"href":"https:\/\/www.cec.org\/cites\/es\/wp-json\/wp\/v2\/comments?post=66"}],"version-history":[{"count":34,"href":"https:\/\/www.cec.org\/cites\/es\/wp-json\/wp\/v2\/pages\/66\/revisions"}],"predecessor-version":[{"id":901,"href":"https:\/\/www.cec.org\/cites\/es\/wp-json\/wp\/v2\/pages\/66\/revisions\/901"}],"wp:featuredmedia":[{"embeddable":true,"href":"https:\/\/www.cec.org\/cites\/es\/wp-json\/wp\/v2\/media\/386"}],"wp:attachment":[{"href":"https:\/\/www.cec.org\/cites\/es\/wp-json\/wp\/v2\/media?parent=66"}],"curies":[{"name":"wp","href":"https:\/\/api.w.org\/{rel}","templated":true}]}}